{"id":19809,"date":"2024-11-29T22:13:44","date_gmt":"2024-11-30T03:13:44","guid":{"rendered":"https:\/\/itv.edu.ec\/sitio\/?page_id=19809"},"modified":"2026-03-02T11:51:42","modified_gmt":"2026-03-02T16:51:42","slug":"mision-vision-y-objetivo","status":"publish","type":"page","link":"https:\/\/itv.edu.ec\/sitio\/inicio\/mision-vision-y-objetivo","title":{"rendered":"Misi\u00f3n, Visi\u00f3n y objetivo"},"content":{"rendered":"\t\t<div data-elementor-type=\"wp-page\" data-elementor-id=\"19809\" class=\"elementor elementor-19809\" data-elementor-post-type=\"page\">\n\t\t\t\t<div class=\"has_eae_slider elementor-element elementor-element-8f14230 e-con-full e-flex e-con e-parent\" data-eae-slider=\"789\" data-id=\"8f14230\" data-element_type=\"container\" data-settings=\"{&quot;background_background&quot;:&quot;classic&quot;}\">\n\t\t\t\t<\/div>\n\t\t<div class=\"has_eae_slider elementor-element elementor-element-de10c07 e-flex e-con-boxed e-con e-parent\" data-eae-slider=\"74295\" data-id=\"de10c07\" data-element_type=\"container\" data-settings=\"{&quot;background_background&quot;:&quot;classic&quot;}\">\n\t\t\t\t\t<div class=\"e-con-inner\">\n\t\t<div class=\"has_eae_slider elementor-element elementor-element-6a2e728 e-con-full e-flex e-con e-child\" data-eae-slider=\"97052\" data-id=\"6a2e728\" data-element_type=\"container\">\n\t\t\t\t<div class=\"elementor-element elementor-element-1f251b5 elementor-widget elementor-widget-breadcrumbs\" data-id=\"1f251b5\" data-element_type=\"widget\" data-widget_type=\"breadcrumbs.default\">\n\t\t\t\t<div class=\"elementor-widget-container\">\n\t\t\t\t\t<p id=\"breadcrumbs\"><span><span><a href=\"https:\/\/itv.edu.ec\/sitio\/\">Portada<\/a><\/span><\/span><\/p>\t\t\t\t<\/div>\n\t\t\t\t<\/div>\n\t\t\t\t<div class=\"elementor-element elementor-element-50281a4 elementor-widget elementor-widget-heading\" data-id=\"50281a4\" data-element_type=\"widget\" data-widget_type=\"heading.default\">\n\t\t\t\t<div class=\"elementor-widget-container\">\n\t\t\t\t\t<h1 class=\"elementor-heading-title elementor-size-default\">Misi\u00f3n, visi\u00f3n y objetivo<\/h1>\t\t\t\t<\/div>\n\t\t\t\t<\/div>\n\t\t\t\t<\/div>\n\t\t<div class=\"has_eae_slider elementor-element elementor-element-4126787 e-con-full e-flex e-con e-child\" data-eae-slider=\"16927\" data-id=\"4126787\" data-element_type=\"container\">\n\t\t\t\t<\/div>\n\t\t\t\t\t<\/div>\n\t\t\t\t<\/div>\n\t\t<div class=\"has_eae_slider elementor-element elementor-element-d25cafe e-flex e-con-boxed e-con e-parent\" data-eae-slider=\"43171\" data-id=\"d25cafe\" data-element_type=\"container\">\n\t\t\t\t\t<div class=\"e-con-inner\">\n\t\t\t\t<div class=\"elementor-element elementor-element-f054abe elementor-widget elementor-widget-spacer\" data-id=\"f054abe\" data-element_type=\"widget\" data-widget_type=\"spacer.default\">\n\t\t\t\t<div class=\"elementor-widget-container\">\n\t\t\t\t\t\t\t<div class=\"elementor-spacer\">\n\t\t\t<div class=\"elementor-spacer-inner\"><\/div>\n\t\t<\/div>\n\t\t\t\t\t\t<\/div>\n\t\t\t\t<\/div>\n\t\t\t\t\t<\/div>\n\t\t\t\t<\/div>\n\t\t<div class=\"has_eae_slider elementor-element elementor-element-5e4b7be e-flex e-con-boxed e-con e-parent\" data-eae-slider=\"67063\" data-id=\"5e4b7be\" data-element_type=\"container\">\n\t\t\t\t\t<div class=\"e-con-inner\">\n\t\t<div class=\"has_eae_slider elementor-element elementor-element-02ed5fa e-con-full e-flex e-con e-child\" data-eae-slider=\"73572\" data-id=\"02ed5fa\" data-element_type=\"container\" data-settings=\"{&quot;background_background&quot;:&quot;classic&quot;}\">\n\t\t\t\t<div class=\"elementor-element elementor-element-61d4f87 elementor-widget elementor-widget-heading\" data-id=\"61d4f87\" data-element_type=\"widget\" data-widget_type=\"heading.default\">\n\t\t\t\t<div class=\"elementor-widget-container\">\n\t\t\t\t\t<h3 class=\"elementor-heading-title elementor-size-default\">Misi\u00f3n<\/h3>\t\t\t\t<\/div>\n\t\t\t\t<\/div>\n\t\t\t\t<div class=\"elementor-element elementor-element-59b8947 elementor-widget elementor-widget-text-editor\" data-id=\"59b8947\" data-element_type=\"widget\" data-widget_type=\"text-editor.default\">\n\t\t\t\t<div class=\"elementor-widget-container\">\n\t\t\t\t\t\t\t\t\t<p class=\"MsoNormal\" style=\"text-align: center;\"><span lang=\"ES\">Formar profesionales, artistas y empresarios, a trav\u00e9s de un modelo basado en la pr\u00e1ctica, donde el conocimiento, la creatividad y el talento se transforman en proyectos rentables y en competencias para liderar, emprender o integrarse con \u00e9xito en el \u00e1mbito laboral.<\/span><\/p>\t\t\t\t\t\t\t\t<\/div>\n\t\t\t\t<\/div>\n\t\t\t\t<\/div>\n\t\t\t\t\t<\/div>\n\t\t\t\t<\/div>\n\t\t<div class=\"has_eae_slider elementor-element elementor-element-5aeb567 e-flex e-con-boxed e-con e-parent\" data-eae-slider=\"1573\" data-id=\"5aeb567\" data-element_type=\"container\">\n\t\t\t\t\t<div class=\"e-con-inner\">\n\t\t<div class=\"has_eae_slider elementor-element elementor-element-4efd0e1 e-con-full e-flex e-con e-child\" data-eae-slider=\"90847\" data-id=\"4efd0e1\" data-element_type=\"container\" data-settings=\"{&quot;background_background&quot;:&quot;classic&quot;}\">\n\t\t\t\t<div class=\"elementor-element elementor-element-3eaa2a5 elementor-widget elementor-widget-heading\" data-id=\"3eaa2a5\" data-element_type=\"widget\" data-widget_type=\"heading.default\">\n\t\t\t\t<div class=\"elementor-widget-container\">\n\t\t\t\t\t<h3 class=\"elementor-heading-title elementor-size-default\">Visi\u00f3n<\/h3>\t\t\t\t<\/div>\n\t\t\t\t<\/div>\n\t\t\t\t<div class=\"elementor-element elementor-element-4f376a7 elementor-widget elementor-widget-text-editor\" data-id=\"4f376a7\" data-element_type=\"widget\" data-widget_type=\"text-editor.default\">\n\t\t\t\t<div class=\"elementor-widget-container\">\n\t\t\t\t\t\t\t\t\t<p class=\"MsoNormal\" style=\"text-align: justify;\"><span lang=\"ES\">Liderar la educaci\u00f3n pr\u00e1ctica en arte y negocios, transformando el desarrollo empresarial y creativo del pa\u00eds.<\/span><\/p>\t\t\t\t\t\t\t\t<\/div>\n\t\t\t\t<\/div>\n\t\t\t\t<\/div>\n\t\t<div class=\"has_eae_slider elementor-element elementor-element-6b51a63 e-con-full e-flex e-con e-child\" data-eae-slider=\"5963\" data-id=\"6b51a63\" data-element_type=\"container\" data-settings=\"{&quot;background_background&quot;:&quot;classic&quot;}\">\n\t\t\t\t<div class=\"elementor-element elementor-element-409d9ac elementor-widget elementor-widget-heading\" data-id=\"409d9ac\" data-element_type=\"widget\" data-widget_type=\"heading.default\">\n\t\t\t\t<div class=\"elementor-widget-container\">\n\t\t\t\t\t<h3 class=\"elementor-heading-title elementor-size-default\">Valores<\/h3>\t\t\t\t<\/div>\n\t\t\t\t<\/div>\n\t\t\t\t<div class=\"elementor-element elementor-element-7dc582a elementor-widget elementor-widget-text-editor\" data-id=\"7dc582a\" data-element_type=\"widget\" data-widget_type=\"text-editor.default\">\n\t\t\t\t<div class=\"elementor-widget-container\">\n\t\t\t\t\t\t\t\t\t<ul><li>Responsabilidad<\/li><li>Solidaridad<\/li><li>Puntualidad<\/li><li>Respeto<\/li><li>Perseverancia<\/li><li>Liderazgo<\/li><li>Emprendimiento<\/li><\/ul>\t\t\t\t\t\t\t\t<\/div>\n\t\t\t\t<\/div>\n\t\t\t\t<\/div>\n\t\t\t\t\t<\/div>\n\t\t\t\t<\/div>\n\t\t<div class=\"has_eae_slider elementor-element elementor-element-9cbf610 e-flex e-con-boxed e-con e-parent\" data-eae-slider=\"57509\" data-id=\"9cbf610\" data-element_type=\"container\">\n\t\t\t\t\t<div class=\"e-con-inner\">\n\t\t<div class=\"has_eae_slider elementor-element elementor-element-9479f08 e-con-full e-flex e-con e-child\" data-eae-slider=\"24014\" data-id=\"9479f08\" data-element_type=\"container\" data-settings=\"{&quot;background_background&quot;:&quot;classic&quot;}\">\n\t\t\t\t<div class=\"elementor-element elementor-element-2ac40c4 elementor-widget elementor-widget-heading\" data-id=\"2ac40c4\" data-element_type=\"widget\" data-widget_type=\"heading.default\">\n\t\t\t\t<div class=\"elementor-widget-container\">\n\t\t\t\t\t<h3 class=\"elementor-heading-title elementor-size-default\">Objetivos<\/h3>\t\t\t\t<\/div>\n\t\t\t\t<\/div>\n\t\t\t\t<div class=\"elementor-element elementor-element-eaf6faa elementor-widget elementor-widget-heading\" data-id=\"eaf6faa\" data-element_type=\"widget\" data-widget_type=\"heading.default\">\n\t\t\t\t<div class=\"elementor-widget-container\">\n\t\t\t\t\t<h4 class=\"elementor-heading-title elementor-size-default\">Objetivo general<\/h4>\t\t\t\t<\/div>\n\t\t\t\t<\/div>\n\t\t\t\t<div class=\"elementor-element elementor-element-bc5f3af elementor-widget elementor-widget-text-editor\" data-id=\"bc5f3af\" data-element_type=\"widget\" data-widget_type=\"text-editor.default\">\n\t\t\t\t<div class=\"elementor-widget-container\">\n\t\t\t\t\t\t\t\t\t<p class=\"MsoNormal\" style=\"text-align:justify\"><span lang=\"ES\">Garantizar que los\nestudiantes y graduados del ITV, desde la pr\u00e1ctica basada en proyectos reales,\nproducci\u00f3n aplicada y resoluci\u00f3n de problemas, desarrollen competencias art\u00edsticas,\ncomunicacionales y empresariales que generen rentabilidad y respondan a las\ndemandas del entorno, contribuyendo al desarrollo productivo, art\u00edstico y social\ndel pa\u00eds.<o:p><\/o:p><\/span><\/p>\t\t\t\t\t\t\t\t<\/div>\n\t\t\t\t<\/div>\n\t\t\t\t<div class=\"elementor-element elementor-element-9d3f739 elementor-widget elementor-widget-heading\" data-id=\"9d3f739\" data-element_type=\"widget\" data-widget_type=\"heading.default\">\n\t\t\t\t<div class=\"elementor-widget-container\">\n\t\t\t\t\t<h4 class=\"elementor-heading-title elementor-size-default\">Objetivos espec\u00edficos<\/h4>\t\t\t\t<\/div>\n\t\t\t\t<\/div>\n\t\t\t\t<div class=\"elementor-element elementor-element-b36f7d2 elementor-widget elementor-widget-text-editor\" data-id=\"b36f7d2\" data-element_type=\"widget\" data-widget_type=\"text-editor.default\">\n\t\t\t\t<div class=\"elementor-widget-container\">\n\t\t\t\t\t\t\t\t\t<ol>\n<li>Motivar y lograr que los estudiantes se conviertan en los mejores artistas y profesionales, de la Radio, el Teatro, el Cine, la Televisi\u00f3n y otros medios de comunicaci\u00f3n creados o por crearse a partir de una formaci\u00f3n que tenga como eje central el aprendizaje te\u00f3rico pr\u00e1ctico y la creaci\u00f3n art\u00edstica, con alto nivel est\u00e9tico y funcional.<\/li>\n<li>Garantizar la aceptaci\u00f3n y bienestar de todos quienes forman parte del ITV; sin importar raza, preferencia sexual o discapacidad.<\/li>\n<li>Desarrollar estrategias educativas que permitan a todos los estudiantes conocer el medio art\u00edstico y audiovisual para desenvolverse adecuadamente en \u00e9l.<\/li>\n<li>Fomentar la investigaci\u00f3n para el desarrollo de nuevas metodolog\u00edas y campos de trabajo.<\/li>\n<li>Incentivar e Incrementar permanentemente el desarrollo art\u00edstico de los estudiantes realizando, en cada nivel de estudio, proyectos audiovisuales, deportivos e interculturales para que los estudiantes presenten sus proyectos de creaci\u00f3n art\u00edstica y demuestren los avances logrados en las competencias profesionales.<\/li>\n<li>Innovar en el medio, conceptos audiovisuales desde su contenido, forma y medios de distribuci\u00f3n, utilizando las diferentes plataformas tecnol\u00f3gicas.<\/li>\n<li>Brindar oportunidades de expresi\u00f3n art\u00edstica a profesores y estudiantes permitiendo con ello su crecimiento personal y profesional.<\/li>\n<li>Garantizar que todos los profesores tengan preparaci\u00f3n pedag\u00f3gica adecuada y una actualizaci\u00f3n sistem\u00e1tica en lo cultural, cient\u00edfico y tecnol\u00f3gico de las artes y t\u00e9cnicas audiovisuales.<\/li>\n<li>Ampliar y perfeccionar la infraestructura tecnol\u00f3gica para optimizar los productos educativos en el ITV.<\/li>\n<li>Dar a los estudiantes la mayor cantidad de horas reales de experiencia a trav\u00e9s de acuerdos y manejos de proyectos de Radio, Teatro, Cine, Televisi\u00f3n y otros medios de comunicaci\u00f3n creados o por crearse.<\/li>\n<li>Aplicar un sistema de evaluaci\u00f3n constante de todos quienes somos parte de la instituci\u00f3n, que permita investigar y medir los desempe\u00f1os, logros y resultados en el ITV.<\/li>\n<\/ol>\t\t\t\t\t\t\t\t<\/div>\n\t\t\t\t<\/div>\n\t\t\t\t<\/div>\n\t\t\t\t\t<\/div>\n\t\t\t\t<\/div>\n\t\t<div class=\"has_eae_slider elementor-element elementor-element-a6f587d e-flex e-con-boxed e-con e-parent\" data-eae-slider=\"38627\" data-id=\"a6f587d\" data-element_type=\"container\">\n\t\t\t\t\t<div class=\"e-con-inner\">\n\t\t\t\t<div class=\"elementor-element elementor-element-b34274b elementor-widget elementor-widget-spacer\" data-id=\"b34274b\" data-element_type=\"widget\" data-widget_type=\"spacer.default\">\n\t\t\t\t<div class=\"elementor-widget-container\">\n\t\t\t\t\t\t\t<div class=\"elementor-spacer\">\n\t\t\t<div class=\"elementor-spacer-inner\"><\/div>\n\t\t<\/div>\n\t\t\t\t\t\t<\/div>\n\t\t\t\t<\/div>\n\t\t\t\t\t<\/div>\n\t\t\t\t<\/div>\n\t\t\t\t<\/div>\n\t\t","protected":false},"excerpt":{"rendered":"<p>Misi\u00f3n, visi\u00f3n y objetivo Misi\u00f3n Formar profesionales, artistas y empresarios, a trav\u00e9s de un modelo basado en la pr\u00e1ctica, donde el conocimiento, la creatividad y el talento se transforman en proyectos rentables y en competencias para liderar, emprender o integrarse con \u00e9xito en el \u00e1mbito laboral. Visi\u00f3n Liderar la educaci\u00f3n pr\u00e1ctica en arte y negocios, &hellip;<\/p>\n<p class=\"read-more\"> <a class=\"\" href=\"https:\/\/itv.edu.ec\/sitio\/inicio\/mision-vision-y-objetivo\"> <span class=\"screen-reader-text\">Misi\u00f3n, Visi\u00f3n y objetivo<\/span> Leer m\u00e1s &raquo;<\/a><\/p>\n","protected":false},"author":1002,"featured_media":0,"parent":19545,"menu_order":1,"comment_status":"closed","ping_status":"closed","template":"","meta":{"site-sidebar-layout":"no-sidebar","site-content-layout":"page-builder","ast-main-header-display":"","ast-hfb-above-header-display":"","ast-hfb-below-header-display":"","ast-hfb-mobile-header-display":"","site-post-title":"disabled","ast-breadcrumbs-content":"","ast-featured-img":"disabled","footer-sml-layout":"","theme-transparent-header-meta":"default","adv-header-id-meta":"","stick-header-meta":"","header-above-stick-meta":"","header-main-stick-meta":"","header-below-stick-meta":"","footnotes":""},"class_list":["post-19809","page","type-page","status-publish","hentry"],"yoast_head":"<!-- This site is optimized with the Yoast SEO plugin v27.2 - https:\/\/yoast.com\/product\/yoast-seo-wordpress\/ -->\n<title>Misi\u00f3n, Visi\u00f3n y objetivo -<\/title>\n<meta name=\"robots\" content=\"index, follow, max-snippet:-1, max-image-preview:large, max-video-preview:-1\" \/>\n<link rel=\"canonical\" href=\"https:\/\/itv.edu.ec\/sitio\/inicio\/mision-vision-y-objetivo\" \/>\n<meta property=\"og:locale\" content=\"es_ES\" \/>\n<meta property=\"og:type\" content=\"article\" \/>\n<meta property=\"og:title\" content=\"Misi\u00f3n, Visi\u00f3n y objetivo -\" \/>\n<meta property=\"og:description\" content=\"Misi\u00f3n, visi\u00f3n y objetivo Misi\u00f3n Formar profesionales, artistas y empresarios, a trav\u00e9s de un modelo basado en la pr\u00e1ctica, donde el conocimiento, la creatividad y el talento se transforman en proyectos rentables y en competencias para liderar, emprender o integrarse con \u00e9xito en el \u00e1mbito laboral. Visi\u00f3n Liderar la educaci\u00f3n pr\u00e1ctica en arte y negocios, &hellip; Misi\u00f3n, Visi\u00f3n y objetivo Leer m\u00e1s &raquo;\" \/>\n<meta property=\"og:url\" content=\"https:\/\/itv.edu.ec\/sitio\/inicio\/mision-vision-y-objetivo\" \/>\n<meta property=\"article:modified_time\" content=\"2026-03-02T16:51:42+00:00\" \/>\n<meta name=\"twitter:card\" content=\"summary_large_image\" \/>\n<meta name=\"twitter:label1\" content=\"Tiempo de lectura\" \/>\n\t<meta name=\"twitter:data1\" content=\"2 minutos\" \/>\n<script type=\"application\/ld+json\" class=\"yoast-schema-graph\">{\"@context\":\"https:\/\/schema.org\",\"@graph\":[{\"@type\":\"WebPage\",\"@id\":\"https:\/\/itv.edu.ec\/sitio\/inicio\/mision-vision-y-objetivo\",\"url\":\"https:\/\/itv.edu.ec\/sitio\/inicio\/mision-vision-y-objetivo\",\"name\":\"Misi\u00f3n, Visi\u00f3n y objetivo -\",\"isPartOf\":{\"@id\":\"https:\/\/itv.edu.ec\/sitio\/#website\"},\"datePublished\":\"2024-11-30T03:13:44+00:00\",\"dateModified\":\"2026-03-02T16:51:42+00:00\",\"breadcrumb\":{\"@id\":\"https:\/\/itv.edu.ec\/sitio\/inicio\/mision-vision-y-objetivo#breadcrumb\"},\"inLanguage\":\"es\",\"potentialAction\":[{\"@type\":\"ReadAction\",\"target\":[\"https:\/\/itv.edu.ec\/sitio\/inicio\/mision-vision-y-objetivo\"]}]},{\"@type\":\"BreadcrumbList\",\"@id\":\"https:\/\/itv.edu.ec\/sitio\/inicio\/mision-vision-y-objetivo#breadcrumb\",\"itemListElement\":[{\"@type\":\"ListItem\",\"position\":1,\"name\":\"Portada\",\"item\":\"https:\/\/itv.edu.ec\/sitio\/\"},{\"@type\":\"ListItem\",\"position\":2,\"name\":\"Inicio ITV &#8211; Instituto Superior Universitario\",\"item\":\"https:\/\/itv.edu.ec\/sitio\/\"},{\"@type\":\"ListItem\",\"position\":3,\"name\":\"Misi\u00f3n, Visi\u00f3n y objetivo\"}]},{\"@type\":\"WebSite\",\"@id\":\"https:\/\/itv.edu.ec\/sitio\/#website\",\"url\":\"https:\/\/itv.edu.ec\/sitio\/\",\"name\":\"\",\"description\":\"La puerta de entrada a la TV\",\"potentialAction\":[{\"@type\":\"SearchAction\",\"target\":{\"@type\":\"EntryPoint\",\"urlTemplate\":\"https:\/\/itv.edu.ec\/sitio\/?s={search_term_string}\"},\"query-input\":{\"@type\":\"PropertyValueSpecification\",\"valueRequired\":true,\"valueName\":\"search_term_string\"}}],\"inLanguage\":\"es\"}]}<\/script>\n<!-- \/ Yoast SEO plugin. -->","yoast_head_json":{"title":"Misi\u00f3n, Visi\u00f3n y objetivo -","robots":{"index":"index","follow":"follow","max-snippet":"max-snippet:-1","max-image-preview":"max-image-preview:large","max-video-preview":"max-video-preview:-1"},"canonical":"https:\/\/itv.edu.ec\/sitio\/inicio\/mision-vision-y-objetivo","og_locale":"es_ES","og_type":"article","og_title":"Misi\u00f3n, Visi\u00f3n y objetivo -","og_description":"Misi\u00f3n, visi\u00f3n y objetivo Misi\u00f3n Formar profesionales, artistas y empresarios, a trav\u00e9s de un modelo basado en la pr\u00e1ctica, donde el conocimiento, la creatividad y el talento se transforman en proyectos rentables y en competencias para liderar, emprender o integrarse con \u00e9xito en el \u00e1mbito laboral. Visi\u00f3n Liderar la educaci\u00f3n pr\u00e1ctica en arte y negocios, &hellip; Misi\u00f3n, Visi\u00f3n y objetivo Leer m\u00e1s &raquo;","og_url":"https:\/\/itv.edu.ec\/sitio\/inicio\/mision-vision-y-objetivo","article_modified_time":"2026-03-02T16:51:42+00:00","twitter_card":"summary_large_image","twitter_misc":{"Tiempo de lectura":"2 minutos"},"schema":{"@context":"https:\/\/schema.org","@graph":[{"@type":"WebPage","@id":"https:\/\/itv.edu.ec\/sitio\/inicio\/mision-vision-y-objetivo","url":"https:\/\/itv.edu.ec\/sitio\/inicio\/mision-vision-y-objetivo","name":"Misi\u00f3n, Visi\u00f3n y objetivo -","isPartOf":{"@id":"https:\/\/itv.edu.ec\/sitio\/#website"},"datePublished":"2024-11-30T03:13:44+00:00","dateModified":"2026-03-02T16:51:42+00:00","breadcrumb":{"@id":"https:\/\/itv.edu.ec\/sitio\/inicio\/mision-vision-y-objetivo#breadcrumb"},"inLanguage":"es","potentialAction":[{"@type":"ReadAction","target":["https:\/\/itv.edu.ec\/sitio\/inicio\/mision-vision-y-objetivo"]}]},{"@type":"BreadcrumbList","@id":"https:\/\/itv.edu.ec\/sitio\/inicio\/mision-vision-y-objetivo#breadcrumb","itemListElement":[{"@type":"ListItem","position":1,"name":"Portada","item":"https:\/\/itv.edu.ec\/sitio\/"},{"@type":"ListItem","position":2,"name":"Inicio ITV &#8211; Instituto Superior Universitario","item":"https:\/\/itv.edu.ec\/sitio\/"},{"@type":"ListItem","position":3,"name":"Misi\u00f3n, Visi\u00f3n y objetivo"}]},{"@type":"WebSite","@id":"https:\/\/itv.edu.ec\/sitio\/#website","url":"https:\/\/itv.edu.ec\/sitio\/","name":"","description":"La puerta de entrada a la TV","potentialAction":[{"@type":"SearchAction","target":{"@type":"EntryPoint","urlTemplate":"https:\/\/itv.edu.ec\/sitio\/?s={search_term_string}"},"query-input":{"@type":"PropertyValueSpecification","valueRequired":true,"valueName":"search_term_string"}}],"inLanguage":"es"}]}},"_links":{"self":[{"href":"https:\/\/itv.edu.ec\/sitio\/wp-json\/wp\/v2\/pages\/19809","targetHints":{"allow":["GET"]}}],"collection":[{"href":"https:\/\/itv.edu.ec\/sitio\/wp-json\/wp\/v2\/pages"}],"about":[{"href":"https:\/\/itv.edu.ec\/sitio\/wp-json\/wp\/v2\/types\/page"}],"author":[{"embeddable":true,"href":"https:\/\/itv.edu.ec\/sitio\/wp-json\/wp\/v2\/users\/1002"}],"replies":[{"embeddable":true,"href":"https:\/\/itv.edu.ec\/sitio\/wp-json\/wp\/v2\/comments?post=19809"}],"version-history":[{"count":10,"href":"https:\/\/itv.edu.ec\/sitio\/wp-json\/wp\/v2\/pages\/19809\/revisions"}],"predecessor-version":[{"id":21608,"href":"https:\/\/itv.edu.ec\/sitio\/wp-json\/wp\/v2\/pages\/19809\/revisions\/21608"}],"up":[{"embeddable":true,"href":"https:\/\/itv.edu.ec\/sitio\/wp-json\/wp\/v2\/pages\/19545"}],"wp:attachment":[{"href":"https:\/\/itv.edu.ec\/sitio\/wp-json\/wp\/v2\/media?parent=19809"}],"curies":[{"name":"wp","href":"https:\/\/api.w.org\/{rel}","templated":true}]}}