{"id":19455,"date":"2024-09-18T09:52:41","date_gmt":"2024-09-18T14:52:41","guid":{"rendered":"https:\/\/itv.edu.ec\/sitio\/?page_id=19455"},"modified":"2024-12-16T21:13:14","modified_gmt":"2024-12-17T02:13:14","slug":"premios-itv-2023","status":"publish","type":"page","link":"https:\/\/itv.edu.ec\/sitio\/premios-itv-2023","title":{"rendered":"Premios ITV 2023"},"content":{"rendered":"\t\t<div data-elementor-type=\"wp-page\" data-elementor-id=\"19455\" class=\"elementor elementor-19455\" data-elementor-post-type=\"page\">\n\t\t\t\t\t\t<section class=\"has_eae_slider elementor-section elementor-top-section elementor-element elementor-element-a487072 elementor-section-boxed elementor-section-height-default elementor-section-height-default\" data-eae-slider=\"6832\" data-id=\"a487072\" data-element_type=\"section\" data-settings=\"{&quot;background_background&quot;:&quot;classic&quot;}\">\n\t\t\t\t\t\t\t<div class=\"elementor-background-overlay\"><\/div>\n\t\t\t\t\t\t\t<div class=\"elementor-container elementor-column-gap-no\">\n\t\t\t\t\t<div class=\"has_eae_slider elementor-column elementor-col-100 elementor-top-column elementor-element elementor-element-e9b3275\" data-eae-slider=\"84884\" data-id=\"e9b3275\" data-element_type=\"column\">\n\t\t\t<div class=\"elementor-widget-wrap elementor-element-populated\">\n\t\t\t\t\t\t<div class=\"elementor-element elementor-element-efc65b4 elementor-widget elementor-widget-heading\" data-id=\"efc65b4\" data-element_type=\"widget\" data-widget_type=\"heading.default\">\n\t\t\t\t<div class=\"elementor-widget-container\">\n\t\t\t\t\t<h1 class=\"elementor-heading-title elementor-size-default\">PREMIOS ITV<\/h1>\t\t\t\t<\/div>\n\t\t\t\t<\/div>\n\t\t\t\t<div class=\"elementor-element elementor-element-532a92a elementor-widget elementor-widget-heading\" data-id=\"532a92a\" data-element_type=\"widget\" data-widget_type=\"heading.default\">\n\t\t\t\t<div class=\"elementor-widget-container\">\n\t\t\t\t\t<h2 class=\"elementor-heading-title elementor-size-default\">2023<\/h2>\t\t\t\t<\/div>\n\t\t\t\t<\/div>\n\t\t\t\t\t<\/div>\n\t\t<\/div>\n\t\t\t\t\t<\/div>\n\t\t<\/section>\n\t\t\t\t<section class=\"has_eae_slider elementor-section elementor-top-section elementor-element elementor-element-a679634 elementor-section-boxed elementor-section-height-default elementor-section-height-default\" data-eae-slider=\"7915\" data-id=\"a679634\" data-element_type=\"section\">\n\t\t\t\t\t\t<div class=\"elementor-container elementor-column-gap-default\">\n\t\t\t\t\t<div class=\"has_eae_slider elementor-column elementor-col-100 elementor-top-column elementor-element elementor-element-7e7e0bd\" data-eae-slider=\"90411\" data-id=\"7e7e0bd\" data-element_type=\"column\">\n\t\t\t<div class=\"elementor-widget-wrap elementor-element-populated\">\n\t\t\t\t\t\t<div class=\"elementor-element elementor-element-aaa9a0e animated-slow elementor-widget elementor-widget-heading\" data-id=\"aaa9a0e\" data-element_type=\"widget\" data-settings=\"{&quot;_animation&quot;:&quot;none&quot;}\" data-widget_type=\"heading.default\">\n\t\t\t\t<div class=\"elementor-widget-container\">\n\t\t\t\t\t<h3 class=\"elementor-heading-title elementor-size-default\">GANADORES<\/h3>\t\t\t\t<\/div>\n\t\t\t\t<\/div>\n\t\t\t\t<div class=\"elementor-element elementor-element-c9c2ae3 animated-slow elementor-invisible elementor-widget elementor-widget-heading\" data-id=\"c9c2ae3\" data-element_type=\"widget\" data-settings=\"{&quot;_animation&quot;:&quot;zoomIn&quot;}\" data-widget_type=\"heading.default\">\n\t\t\t\t<div class=\"elementor-widget-container\">\n\t\t\t\t\t<h3 class=\"elementor-heading-title elementor-size-default\">EDICI\u00d3N 2023<\/h3>\t\t\t\t<\/div>\n\t\t\t\t<\/div>\n\t\t\t\t\t<\/div>\n\t\t<\/div>\n\t\t\t\t\t<\/div>\n\t\t<\/section>\n\t\t\t\t<section class=\"has_eae_slider elementor-section elementor-top-section elementor-element elementor-element-056c253 elementor-section-boxed elementor-section-height-default elementor-section-height-default\" data-eae-slider=\"91536\" data-id=\"056c253\" data-element_type=\"section\">\n\t\t\t\t\t\t<div class=\"elementor-container elementor-column-gap-default\">\n\t\t\t\t\t<div class=\"has_eae_slider elementor-column elementor-col-100 elementor-top-column elementor-element elementor-element-938d290\" data-eae-slider=\"21429\" data-id=\"938d290\" data-element_type=\"column\">\n\t\t\t<div class=\"elementor-widget-wrap elementor-element-populated\">\n\t\t\t\t\t\t<section class=\"has_eae_slider elementor-section elementor-inner-section elementor-element elementor-element-de48249 elementor-section-boxed elementor-section-height-default elementor-section-height-default\" data-eae-slider=\"79064\" data-id=\"de48249\" data-element_type=\"section\">\n\t\t\t\t\t\t<div class=\"elementor-container elementor-column-gap-default\">\n\t\t\t\t\t<div class=\"has_eae_slider elementor-column elementor-col-50 elementor-inner-column elementor-element elementor-element-ce4a450\" data-eae-slider=\"95060\" data-id=\"ce4a450\" data-element_type=\"column\">\n\t\t\t<div class=\"elementor-widget-wrap elementor-element-populated\">\n\t\t\t\t\t\t<div class=\"elementor-element elementor-element-d291458 elementor-hidden-phone elementor-widget elementor-widget-text-editor\" data-id=\"d291458\" data-element_type=\"widget\" data-widget_type=\"text-editor.default\">\n\t\t\t\t<div class=\"elementor-widget-container\">\n\t\t\t\t\t\t\t\t\t<p style=\"font-size: 16px; font-style: normal; font-weight: 400; text-align: right;\">MEJOR CONDUCTOR DE VARIEDADES<\/p><p style=\"font-size: 16px; font-style: normal; font-weight: 400; text-align: right;\">MEJOR CONDUCTORA DE VARIEDADES<\/p><p style=\"font-size: 16px; font-style: normal; font-weight: 400; text-align: right;\">MEJOR PROGRAMA DE VARIEDADES<\/p><p style=\"font-size: 16px; font-style: normal; font-weight: 400; text-align: right;\"><span style=\"font-size: 16px; font-style: normal; font-weight: 400; text-align: right; font-family: Antonio, sans-serif; background-color: #ffffff; color: var(--ast-global-color-3); display: inline !important; float: none;\">MEJOR PRESENTADOR DE INFORMACI\u00d3N, NOTICIAS E INVESTIGACI\u00d3N<\/span><span style=\"color: var(--ast-global-color-3);\">\u00a0<\/span><\/p><p style=\"font-size: 16px; font-style: normal; font-weight: 400; text-align: right;\"><span style=\"color: var(--ast-global-color-3);\">MEJOR PRESENTADORA DE INFORMACI\u00d3N, NOTICIAS E INVESTIGACI\u00d3N<\/span><\/p><p style=\"font-size: 16px; font-style: normal; font-weight: 400; text-align: right;\"><span style=\"color: var(--ast-global-color-3);\">MEJOR REPORTERA<\/span><\/p><p style=\"font-size: 16px; font-style: normal; font-weight: 400; text-align: right;\">MEJOR COMETARISTA DEPORTIVO (HOMBRE)<\/p><p style=\"font-size: 16px; font-style: normal; font-weight: 400; text-align: right;\">MEJOR COMENTARISTA DEPORTIVO (MUJER)\u00a0<\/p><p style=\"font-size: 16px; font-style: normal; font-weight: 400; text-align: right;\">MEJOR NARRADOR\/RELATOR DEPORTIVO<\/p><p style=\"font-size: 16px; font-style: normal; font-weight: 400; text-align: right;\">MEJOR ACTRIZ<\/p><p style=\"font-size: 16px; font-style: normal; font-weight: 400; text-align: right;\">MEJOR ACTOR<\/p><p style=\"font-size: 16px; font-style: normal; font-weight: 400; text-align: right;\">PREMIO RAFAEL DUANNY<span style=\"font-weight: bold;\">\u00a0<\/span><\/p><p style=\"font-size: 16px; font-style: normal; font-weight: 400; text-align: right;\"><span style=\"color: var(--ast-global-color-3);\">MEJOR CUENTA DE INSTAGRAM SR<\/span><\/p><p style=\"font-size: 16px; font-style: normal; font-weight: 400; text-align: right;\">MEJOR CUENTA DE INSTAGRAM JR<\/p><p style=\"font-size: 16px; font-style: normal; font-weight: 400; text-align: right;\">MEJOR YOUTUBER<\/p><p style=\"font-size: 16px; font-style: normal; font-weight: 400; text-align: right;\">MEJOR MEDIO DIGITAL DE INFORMACI\u00d3N<\/p><p style=\"font-size: 16px; font-style: normal; font-weight: 400; text-align: right;\">MEJOR CUENTA DIGITAL DE DEPORTES<\/p><p style=\"font-size: 16px; font-style: normal; font-weight: 400; text-align: right;\">MEJOR CUENTA DIGITAL DE ENTRETENIMIENTO<\/p>\t\t\t\t\t\t\t\t<\/div>\n\t\t\t\t<\/div>\n\t\t\t\t\t<\/div>\n\t\t<\/div>\n\t\t\t\t<div class=\"has_eae_slider elementor-column elementor-col-50 elementor-inner-column elementor-element elementor-element-7e3b52c elementor-hidden-phone\" data-eae-slider=\"56184\" data-id=\"7e3b52c\" data-element_type=\"column\">\n\t\t\t<div class=\"elementor-widget-wrap elementor-element-populated\">\n\t\t\t\t\t\t<div class=\"elementor-element elementor-element-534f99f elementor-widget elementor-widget-text-editor\" data-id=\"534f99f\" data-element_type=\"widget\" data-widget_type=\"text-editor.default\">\n\t\t\t\t<div class=\"elementor-widget-container\">\n\t\t\t\t\t\t\t\t\t<p style=\"font-size: 16px; font-style: normal; font-weight: 400; text-align: left;\"><strong>JONATHAN ESTRADA<\/strong><\/p><p style=\"font-size: 16px; font-style: normal; text-align: left;\"><b>MICHELA PINCAY<\/b><\/p><p style=\"font-size: 16px; font-style: normal; font-weight: 400; text-align: left;\"><strong>EL HUECO\u00a0<\/strong><\/p><p style=\"font-size: 16px; font-style: normal; text-align: left;\"><b>JOS\u00c9 DELGADO<\/b><\/p><p style=\"font-size: 16px; font-style: normal; font-weight: 400; text-align: left;\"><strong>EST\u00c9FANI ESP\u00cdN\u00a0<\/strong><\/p><p style=\"font-size: 16px; font-style: normal; font-weight: 400; text-align: left;\"><strong>JOS\u00c9 DELGADO<\/strong><\/p><p style=\"font-size: 16px; font-style: normal; font-weight: 400; text-align: left;\"><strong>ANDR\u00c9S GUSCHMER\u00a0<\/strong><\/p><p style=\"font-size: 16px; font-style: normal; font-weight: 400; text-align: left;\"><strong>MAR\u00cdA JOS\u00c9 FLORES\u00a0<\/strong><\/p><p style=\"font-size: 16px; font-style: normal; text-align: left;\"><b>ALFONSO LASO<\/b><\/p><p style=\"font-size: 16px; font-style: normal; text-align: left;\"><b>GILIAM MIELES<\/b><\/p><p style=\"font-size: 16px; font-style: normal; text-align: left;\"><b>ALEX VIZUETE<\/b><\/p><p style=\"font-size: 16px; font-style: normal; font-weight: 400; text-align: left;\"><strong>GRADUADOS DOCENTES DE ITV\u00a0<\/strong><\/p><p style=\"font-size: 16px; font-style: normal; font-weight: 400; text-align: left;\"><b>ALEX VIZUETE<\/b><\/p><p style=\"font-size: 16px; font-style: normal; text-align: left;\"><b>VIVIANA SALAME<\/b><\/p><p style=\"font-size: 16px; font-style: normal; text-align: left;\"><b>LOGAN Y LOGAN<\/b><\/p><p style=\"font-size: 16px; font-style: normal; font-weight: 400; text-align: left;\"><strong>LA POSTA<\/strong><\/p><p style=\"font-size: 16px; font-style: normal; font-weight: 400; text-align: left;\"><strong>GOL TV<\/strong><\/p><p style=\"font-size: 16px; font-style: normal; font-weight: 400; text-align: left;\"><strong>KWA<\/strong><\/p>\t\t\t\t\t\t\t\t<\/div>\n\t\t\t\t<\/div>\n\t\t\t\t\t<\/div>\n\t\t<\/div>\n\t\t\t\t\t<\/div>\n\t\t<\/section>\n\t\t\t\t\t<\/div>\n\t\t<\/div>\n\t\t\t\t\t<\/div>\n\t\t<\/section>\n\t\t\t\t<section class=\"has_eae_slider elementor-section elementor-top-section elementor-element elementor-element-067dd4d elementor-section-boxed elementor-section-height-default elementor-section-height-default\" data-eae-slider=\"99119\" data-id=\"067dd4d\" data-element_type=\"section\">\n\t\t\t\t\t\t<div class=\"elementor-container elementor-column-gap-default\">\n\t\t\t\t\t<div class=\"has_eae_slider elementor-column elementor-col-100 elementor-top-column elementor-element elementor-element-1a7f829\" data-eae-slider=\"52061\" data-id=\"1a7f829\" data-element_type=\"column\">\n\t\t\t<div class=\"elementor-widget-wrap elementor-element-populated\">\n\t\t\t\t\t\t<div class=\"elementor-element elementor-element-fe0217c elementor-hidden-desktop elementor-hidden-tablet elementor-widget elementor-widget-text-editor\" data-id=\"fe0217c\" data-element_type=\"widget\" data-widget_type=\"text-editor.default\">\n\t\t\t\t<div class=\"elementor-widget-container\">\n\t\t\t\t\t\t\t\t\t<p style=\"text-align: center;\"><span style=\"text-decoration: underline;\"><strong>MEJOR CONDUCTOR DE VARIEDADES<\/strong><\/span><\/p><p style=\"text-align: center;\">JONATHAN ESTRADA<\/p><p style=\"text-align: center;\"><span style=\"text-decoration: underline;\"><strong>MEJOR CONDUCTORA <\/strong><strong>DE VARIEDADES<\/strong><\/span><\/p><p style=\"text-align: center;\">MICHELA PINCAY<\/p><p style=\"text-align: center;\"><span style=\"text-decoration: underline;\"><strong>MEJOR PROGRAMA DE VARIEDADES<\/strong><\/span><\/p><p style=\"text-align: center;\">EL HUECO<\/p><p style=\"text-align: center;\"><u style=\"font-weight: bold;\">MEJOR PRESENTADOR DE PROGRAMAS DE INFORMACI\u00d3N, NOTICIAS E INVESTIGACI\u00d3N<\/u><\/p><p style=\"text-align: center;\">JOS\u00c9 DELGADO<\/p><p style=\"text-align: center;\"><b><u>MEJOR PRESENTADORA DE PROGRAMAS DE INFORMACI\u00d3N, NOTICIAS E INVESTIGACI\u00d3N<\/u><\/b><\/p><p style=\"text-align: center;\">EST\u00c9FANI ESP\u00cdN\u00a0<\/p><p style=\"text-align: center;\"><span style=\"text-decoration: underline;\"><strong>MEJOR REPORTERA<\/strong><\/span><\/p><p style=\"text-align: center;\">JOS\u00c9 DELGADO<\/p><p style=\"text-align: center;\"><span style=\"text-decoration: underline;\"><strong>MEJOR COMENTARISTA DEPORTIVO (HOMBRE)<\/strong><\/span><\/p><p style=\"text-align: center;\">ANDR\u00c9S GUSCHMER<\/p><p style=\"text-align: center;\"><span style=\"text-decoration: underline;\"><strong>MEJOR COMETARISTA DEPORTIVO (MUJER)<\/strong><\/span><\/p><p style=\"text-align: center;\">MAR\u00cdA JOS\u00c9 FLORES\u00a0<\/p><p style=\"text-align: center;\"><span style=\"text-decoration: underline;\"><strong>MEOR NARRADOR \/ RELATOR DEPORTIVO<\/strong><\/span><\/p><p style=\"text-align: center;\">ALFONSO LASO<\/p><p style=\"text-align: center;\"><span style=\"text-decoration: underline;\"><strong>MEJOR ACTRIZ<\/strong><\/span><\/p><p style=\"text-align: center;\">GILIAM MIELES<\/p><p style=\"text-align: center;\"><span style=\"text-decoration: underline;\"><strong>MEJOR ACTOR<\/strong><\/span><\/p><p style=\"text-align: center;\">ALEX VIZUETE<\/p><p style=\"text-align: center;\"><span style=\"text-decoration: underline;\"><strong>PREMIO RAFAEL DUANNY<\/strong><\/span><\/p><p style=\"text-align: center;\"><span style=\"font-style: inherit; font-weight: inherit; color: var(--ast-global-color-3);\">GRADUADOS DOCENTES DE ITV<\/span><\/p><p style=\"text-align: center;\"><span style=\"text-decoration: underline;\"><strong>MEJOR CUENTA DE INSTAGRAM SR<\/strong><\/span><\/p><p style=\"text-align: center;\">ALEX VIZUETE<\/p><p style=\"font-size: 13.68px; font-style: normal; font-weight: 500; text-align: center;\"><span style=\"text-decoration-line: underline;\"><span style=\"font-weight: bold;\">MEJOR CUENTA DE INSTAGRAM JR<\/span><\/span><\/p><div style=\"text-align: center;\"><p style=\"font-size: 13.68px; font-style: normal; font-weight: 500;\">VIVIANA SALAME<\/p><\/div><p style=\"text-align: center;\"><span style=\"text-decoration: underline;\"><strong>MEJOR YOUTUBER<\/strong><\/span><\/p><p style=\"text-align: center;\"><span style=\"font-style: inherit; color: var(--ast-global-color-3);\">LOGAN Y LOGAN<\/span><\/p><p style=\"text-align: center;\"><u><strong style=\"font-style: inherit; color: var(--ast-global-color-3);\">MEJOR MEDIO DIGITAL DE INFORMACI\u00d3N<\/strong><br \/><\/u><\/p><p style=\"text-align: center;\">LA POSTA<\/p><p style=\"text-align: center;\"><u><strong style=\"font-style: inherit; color: var(--ast-global-color-3);\">MEJOR CUENTA DIGITAL DE DEPORTES<\/strong><\/u><\/p><p style=\"text-align: center;\">GOL TV<\/p><p style=\"text-align: center;\"><u><strong style=\"font-style: inherit; color: var(--ast-global-color-3);\">MEJOR CUENTA DIGITAL DE ENTRETENIMIENTO<\/strong><\/u><\/p><p style=\"text-align: center;\">KWA<\/p>\t\t\t\t\t\t\t\t<\/div>\n\t\t\t\t<\/div>\n\t\t\t\t\t<\/div>\n\t\t<\/div>\n\t\t\t\t\t<\/div>\n\t\t<\/section>\n\t\t\t\t<section class=\"has_eae_slider elementor-section elementor-top-section elementor-element elementor-element-c25139a elementor-section-boxed elementor-section-height-default elementor-section-height-default\" data-eae-slider=\"2789\" data-id=\"c25139a\" data-element_type=\"section\">\n\t\t\t\t\t\t<div class=\"elementor-container elementor-column-gap-default\">\n\t\t\t\t\t<div class=\"has_eae_slider elementor-column elementor-col-100 elementor-top-column elementor-element elementor-element-cc6a874\" data-eae-slider=\"40892\" data-id=\"cc6a874\" data-element_type=\"column\">\n\t\t\t<div class=\"elementor-widget-wrap elementor-element-populated\">\n\t\t\t\t\t\t<div class=\"elementor-element elementor-element-3d7c67c elementor-align-center elementor-widget elementor-widget-button\" data-id=\"3d7c67c\" data-element_type=\"widget\" data-widget_type=\"button.default\">\n\t\t\t\t<div class=\"elementor-widget-container\">\n\t\t\t\t\t\t\t\t\t<div class=\"elementor-button-wrapper\">\n\t\t\t\t\t<a class=\"elementor-button elementor-button-link elementor-size-lg\" href=\"https:\/\/itv.edu.ec\/sitio\/premios-itv\/\">\n\t\t\t\t\t\t<span class=\"elementor-button-content-wrapper\">\n\t\t\t\t\t\t<span class=\"elementor-button-icon\">\n\t\t\t\t<i aria-hidden=\"true\" class=\" arrow_right\"><\/i>\t\t\t<\/span>\n\t\t\t\t\t\t\t\t\t<span class=\"elementor-button-text\">REGRESAR<\/span>\n\t\t\t\t\t<\/span>\n\t\t\t\t\t<\/a>\n\t\t\t\t<\/div>\n\t\t\t\t\t\t\t\t<\/div>\n\t\t\t\t<\/div>\n\t\t\t\t\t<\/div>\n\t\t<\/div>\n\t\t\t\t\t<\/div>\n\t\t<\/section>\n\t\t\t\t<\/div>\n\t\t","protected":false},"excerpt":{"rendered":"<p>PREMIOS ITV 2023 GANADORES EDICI\u00d3N 2023 MEJOR CONDUCTOR DE VARIEDADES MEJOR CONDUCTORA DE VARIEDADES MEJOR PROGRAMA DE VARIEDADES MEJOR PRESENTADOR DE INFORMACI\u00d3N, NOTICIAS E INVESTIGACI\u00d3N MEJOR PRESENTADORA DE INFORMACI\u00d3N, NOTICIAS E INVESTIGACI\u00d3N MEJOR REPORTERA MEJOR COMETARISTA DEPORTIVO (HOMBRE) MEJOR COMENTARISTA DEPORTIVO (MUJER) MEJOR NARRADOR\/RELATOR DEPORTIVO MEJOR ACTRIZ MEJOR ACTOR PREMIO RAFAEL DUANNY MEJOR CUENTA DE &hellip;<\/p>\n<p class=\"read-more\"> <a class=\"\" href=\"https:\/\/itv.edu.ec\/sitio\/premios-itv-2023\"> <span class=\"screen-reader-text\">Premios ITV 2023<\/span> Leer m\u00e1s &raquo;<\/a><\/p>\n","protected":false},"author":3,"featured_media":0,"parent":0,"menu_order":53,"comment_status":"closed","ping_status":"closed","template":"","meta":{"site-sidebar-layout":"no-sidebar","site-content-layout":"page-builder","ast-main-header-display":"","ast-hfb-above-header-display":"","ast-hfb-below-header-display":"","ast-hfb-mobile-header-display":"","site-post-title":"disabled","ast-breadcrumbs-content":"","ast-featured-img":"disabled","footer-sml-layout":"","theme-transparent-header-meta":"enabled","adv-header-id-meta":"","stick-header-meta":"","header-above-stick-meta":"","header-main-stick-meta":"","header-below-stick-meta":"","footnotes":""},"class_list":["post-19455","page","type-page","status-publish","hentry"],"yoast_head":"<!-- This site is optimized with the Yoast SEO plugin v27.2 - https:\/\/yoast.com\/product\/yoast-seo-wordpress\/ -->\n<title>Premios ITV 2023 -<\/title>\n<meta name=\"robots\" content=\"index, follow, max-snippet:-1, max-image-preview:large, max-video-preview:-1\" \/>\n<link rel=\"canonical\" href=\"https:\/\/itv.edu.ec\/sitio\/premios-itv-2023\" \/>\n<meta property=\"og:locale\" content=\"es_ES\" \/>\n<meta property=\"og:type\" content=\"article\" \/>\n<meta property=\"og:title\" content=\"Premios ITV 2023 -\" \/>\n<meta property=\"og:description\" content=\"PREMIOS ITV 2023 GANADORES EDICI\u00d3N 2023 MEJOR CONDUCTOR DE VARIEDADES MEJOR CONDUCTORA DE VARIEDADES MEJOR PROGRAMA DE VARIEDADES MEJOR PRESENTADOR DE INFORMACI\u00d3N, NOTICIAS E INVESTIGACI\u00d3N MEJOR PRESENTADORA DE INFORMACI\u00d3N, NOTICIAS E INVESTIGACI\u00d3N MEJOR REPORTERA MEJOR COMETARISTA DEPORTIVO (HOMBRE) MEJOR COMENTARISTA DEPORTIVO (MUJER) MEJOR NARRADOR\/RELATOR DEPORTIVO MEJOR ACTRIZ MEJOR ACTOR PREMIO RAFAEL DUANNY MEJOR CUENTA DE &hellip; Premios ITV 2023 Leer m\u00e1s &raquo;\" \/>\n<meta property=\"og:url\" content=\"https:\/\/itv.edu.ec\/sitio\/premios-itv-2023\" \/>\n<meta property=\"article:modified_time\" content=\"2024-12-17T02:13:14+00:00\" \/>\n<meta name=\"twitter:card\" content=\"summary_large_image\" \/>\n<meta name=\"twitter:label1\" content=\"Tiempo de lectura\" \/>\n\t<meta name=\"twitter:data1\" content=\"2 minutos\" \/>\n<script type=\"application\/ld+json\" class=\"yoast-schema-graph\">{\"@context\":\"https:\/\/schema.org\",\"@graph\":[{\"@type\":\"WebPage\",\"@id\":\"https:\/\/itv.edu.ec\/sitio\/premios-itv-2023\",\"url\":\"https:\/\/itv.edu.ec\/sitio\/premios-itv-2023\",\"name\":\"Premios ITV 2023 -\",\"isPartOf\":{\"@id\":\"https:\/\/itv.edu.ec\/sitio\/#website\"},\"datePublished\":\"2024-09-18T14:52:41+00:00\",\"dateModified\":\"2024-12-17T02:13:14+00:00\",\"breadcrumb\":{\"@id\":\"https:\/\/itv.edu.ec\/sitio\/premios-itv-2023#breadcrumb\"},\"inLanguage\":\"es\",\"potentialAction\":[{\"@type\":\"ReadAction\",\"target\":[\"https:\/\/itv.edu.ec\/sitio\/premios-itv-2023\"]}]},{\"@type\":\"BreadcrumbList\",\"@id\":\"https:\/\/itv.edu.ec\/sitio\/premios-itv-2023#breadcrumb\",\"itemListElement\":[{\"@type\":\"ListItem\",\"position\":1,\"name\":\"Portada\",\"item\":\"https:\/\/itv.edu.ec\/sitio\/\"},{\"@type\":\"ListItem\",\"position\":2,\"name\":\"Premios ITV 2023\"}]},{\"@type\":\"WebSite\",\"@id\":\"https:\/\/itv.edu.ec\/sitio\/#website\",\"url\":\"https:\/\/itv.edu.ec\/sitio\/\",\"name\":\"\",\"description\":\"La puerta de entrada a la TV\",\"potentialAction\":[{\"@type\":\"SearchAction\",\"target\":{\"@type\":\"EntryPoint\",\"urlTemplate\":\"https:\/\/itv.edu.ec\/sitio\/?s={search_term_string}\"},\"query-input\":{\"@type\":\"PropertyValueSpecification\",\"valueRequired\":true,\"valueName\":\"search_term_string\"}}],\"inLanguage\":\"es\"}]}<\/script>\n<!-- \/ Yoast SEO plugin. -->","yoast_head_json":{"title":"Premios ITV 2023 -","robots":{"index":"index","follow":"follow","max-snippet":"max-snippet:-1","max-image-preview":"max-image-preview:large","max-video-preview":"max-video-preview:-1"},"canonical":"https:\/\/itv.edu.ec\/sitio\/premios-itv-2023","og_locale":"es_ES","og_type":"article","og_title":"Premios ITV 2023 -","og_description":"PREMIOS ITV 2023 GANADORES EDICI\u00d3N 2023 MEJOR CONDUCTOR DE VARIEDADES MEJOR CONDUCTORA DE VARIEDADES MEJOR PROGRAMA DE VARIEDADES MEJOR PRESENTADOR DE INFORMACI\u00d3N, NOTICIAS E INVESTIGACI\u00d3N MEJOR PRESENTADORA DE INFORMACI\u00d3N, NOTICIAS E INVESTIGACI\u00d3N MEJOR REPORTERA MEJOR COMETARISTA DEPORTIVO (HOMBRE) MEJOR COMENTARISTA DEPORTIVO (MUJER) MEJOR NARRADOR\/RELATOR DEPORTIVO MEJOR ACTRIZ MEJOR ACTOR PREMIO RAFAEL DUANNY MEJOR CUENTA DE &hellip; Premios ITV 2023 Leer m\u00e1s &raquo;","og_url":"https:\/\/itv.edu.ec\/sitio\/premios-itv-2023","article_modified_time":"2024-12-17T02:13:14+00:00","twitter_card":"summary_large_image","twitter_misc":{"Tiempo de lectura":"2 minutos"},"schema":{"@context":"https:\/\/schema.org","@graph":[{"@type":"WebPage","@id":"https:\/\/itv.edu.ec\/sitio\/premios-itv-2023","url":"https:\/\/itv.edu.ec\/sitio\/premios-itv-2023","name":"Premios ITV 2023 -","isPartOf":{"@id":"https:\/\/itv.edu.ec\/sitio\/#website"},"datePublished":"2024-09-18T14:52:41+00:00","dateModified":"2024-12-17T02:13:14+00:00","breadcrumb":{"@id":"https:\/\/itv.edu.ec\/sitio\/premios-itv-2023#breadcrumb"},"inLanguage":"es","potentialAction":[{"@type":"ReadAction","target":["https:\/\/itv.edu.ec\/sitio\/premios-itv-2023"]}]},{"@type":"BreadcrumbList","@id":"https:\/\/itv.edu.ec\/sitio\/premios-itv-2023#breadcrumb","itemListElement":[{"@type":"ListItem","position":1,"name":"Portada","item":"https:\/\/itv.edu.ec\/sitio\/"},{"@type":"ListItem","position":2,"name":"Premios ITV 2023"}]},{"@type":"WebSite","@id":"https:\/\/itv.edu.ec\/sitio\/#website","url":"https:\/\/itv.edu.ec\/sitio\/","name":"","description":"La puerta de entrada a la TV","potentialAction":[{"@type":"SearchAction","target":{"@type":"EntryPoint","urlTemplate":"https:\/\/itv.edu.ec\/sitio\/?s={search_term_string}"},"query-input":{"@type":"PropertyValueSpecification","valueRequired":true,"valueName":"search_term_string"}}],"inLanguage":"es"}]}},"_links":{"self":[{"href":"https:\/\/itv.edu.ec\/sitio\/wp-json\/wp\/v2\/pages\/19455","targetHints":{"allow":["GET"]}}],"collection":[{"href":"https:\/\/itv.edu.ec\/sitio\/wp-json\/wp\/v2\/pages"}],"about":[{"href":"https:\/\/itv.edu.ec\/sitio\/wp-json\/wp\/v2\/types\/page"}],"author":[{"embeddable":true,"href":"https:\/\/itv.edu.ec\/sitio\/wp-json\/wp\/v2\/users\/3"}],"replies":[{"embeddable":true,"href":"https:\/\/itv.edu.ec\/sitio\/wp-json\/wp\/v2\/comments?post=19455"}],"version-history":[{"count":10,"href":"https:\/\/itv.edu.ec\/sitio\/wp-json\/wp\/v2\/pages\/19455\/revisions"}],"predecessor-version":[{"id":19478,"href":"https:\/\/itv.edu.ec\/sitio\/wp-json\/wp\/v2\/pages\/19455\/revisions\/19478"}],"wp:attachment":[{"href":"https:\/\/itv.edu.ec\/sitio\/wp-json\/wp\/v2\/media?parent=19455"}],"curies":[{"name":"wp","href":"https:\/\/api.w.org\/{rel}","templated":true}]}}