{"id":1613,"date":"2021-05-13T00:05:43","date_gmt":"2021-05-13T00:05:43","guid":{"rendered":"https:\/\/wp.itv.edu.ec\/?page_id=1613"},"modified":"2026-04-14T09:52:23","modified_gmt":"2026-04-14T14:52:23","slug":"documentos","status":"publish","type":"page","link":"https:\/\/itv.edu.ec\/sitio\/documentos","title":{"rendered":"Documentos"},"content":{"rendered":"\t\t<div data-elementor-type=\"wp-page\" data-elementor-id=\"1613\" class=\"elementor elementor-1613\" data-elementor-post-type=\"page\">\n\t\t\t\t\t\t<section class=\"has_eae_slider elementor-section elementor-top-section elementor-element elementor-element-55afc94 elementor-section-boxed elementor-section-height-default elementor-section-height-default\" data-eae-slider=\"90032\" data-id=\"55afc94\" data-element_type=\"section\" data-settings=\"{&quot;background_background&quot;:&quot;classic&quot;}\">\n\t\t\t\t\t\t\t<div class=\"elementor-background-overlay\"><\/div>\n\t\t\t\t\t\t\t<div class=\"elementor-container elementor-column-gap-no\">\n\t\t\t\t\t<div class=\"has_eae_slider elementor-column elementor-col-100 elementor-top-column elementor-element elementor-element-4ba7b22\" data-eae-slider=\"95718\" data-id=\"4ba7b22\" data-element_type=\"column\">\n\t\t\t<div class=\"elementor-widget-wrap elementor-element-populated\">\n\t\t\t\t\t\t<div class=\"elementor-element elementor-element-0476778 elementor-widget elementor-widget-heading\" data-id=\"0476778\" data-element_type=\"widget\" data-widget_type=\"heading.default\">\n\t\t\t\t<div class=\"elementor-widget-container\">\n\t\t\t\t\t<h1 class=\"elementor-heading-title elementor-size-default\">DOCUMENTOS<\/h1>\t\t\t\t<\/div>\n\t\t\t\t<\/div>\n\t\t\t\t\t<\/div>\n\t\t<\/div>\n\t\t\t\t\t<\/div>\n\t\t<\/section>\n\t\t\t\t<section class=\"has_eae_slider elementor-section elementor-top-section elementor-element elementor-element-e21b8d9 elementor-section-boxed elementor-section-height-default elementor-section-height-default\" data-eae-slider=\"12896\" data-id=\"e21b8d9\" data-element_type=\"section\" data-settings=\"{&quot;background_background&quot;:&quot;classic&quot;}\">\n\t\t\t\t\t\t<div class=\"elementor-container elementor-column-gap-default\">\n\t\t\t\t\t<div class=\"has_eae_slider elementor-column elementor-col-100 elementor-top-column elementor-element elementor-element-c433492\" data-eae-slider=\"49925\" data-id=\"c433492\" data-element_type=\"column\">\n\t\t\t<div class=\"elementor-widget-wrap elementor-element-populated\">\n\t\t\t\t\t\t<div class=\"elementor-element elementor-element-9cfeb02 elementor-widget elementor-widget-eael-adv-accordion\" data-id=\"9cfeb02\" data-element_type=\"widget\" data-widget_type=\"eael-adv-accordion.default\">\n\t\t\t\t<div class=\"elementor-widget-container\">\n\t\t\t\t\t        <div class=\"eael-adv-accordion\" id=\"eael-adv-accordion-9cfeb02\" data-scroll-on-click=\"no\" data-scroll-speed=\"300\" data-accordion-id=\"9cfeb02\" data-accordion-type=\"accordion\" data-toogle-speed=\"300\">\n    <div class=\"eael-accordion-list\">\n                <div id=\"convocatoria-docentes-nuevos\" class=\"elementor-tab-title eael-accordion-header\" tabindex=\"0\" data-tab=\"1\" aria-controls=\"elementor-tab-content-1641\"><i aria-hidden=\"true\" class=\"fa-toggle fas fa-angle-right\"><\/i><span class=\"eael-accordion-tab-title\">Convocatoria Docentes Nuevos<\/span><span class=\"eael-advanced-accordion-icon-closed\"><i aria-hidden=\"true\" class=\"fa-accordion-icon fas fa-plus\"><\/i><\/span><span class=\"eael-advanced-accordion-icon-opened\"><i aria-hidden=\"true\" class=\"fa-accordion-icon fas fa-minus\"><\/i><\/span><\/div><div id=\"elementor-tab-content-1641\" class=\"eael-accordion-content clearfix\" data-tab=\"1\" aria-labelledby=\"convocatoria-docentes-nuevos\"><p>Se convoca al concurso p\u00fablico de merecimiento y oposici\u00f3n para formar parte de la planta docente del instituto superior de estudios de television ITV.<\/p><p>Interesados enviar curriculum a:<\/p><p><a href=\"mailto:concursodemerecimiento@itv.edu.ec\">concursodemerecimiento@itv.edu.ec<\/a><br \/><a href=\"mailto:rectorado@itv.edu.ec\">rectorado@itv.edu.ec<\/a><br \/><a href=\"mailto:dirgeneral@itv.edu.ec\">dirgeneral@itv.edu.ec<\/a><br \/><a href=\"mailto:diracademica@itv.edu.ec\">diracademica@itv.edu.ec<\/a><\/p><\/div>\n                <\/div><div class=\"eael-accordion-list\">\n                <div id=\"becas\" class=\"elementor-tab-title eael-accordion-header\" tabindex=\"0\" data-tab=\"2\" aria-controls=\"elementor-tab-content-1642\"><i aria-hidden=\"true\" class=\"fa-toggle fas fa-angle-right\"><\/i><span class=\"eael-accordion-tab-title\">Becas<\/span><span class=\"eael-advanced-accordion-icon-closed\"><i aria-hidden=\"true\" class=\"fa-accordion-icon fas fa-plus\"><\/i><\/span><span class=\"eael-advanced-accordion-icon-opened\"><i aria-hidden=\"true\" class=\"fa-accordion-icon fas fa-minus\"><\/i><\/span><\/div><div id=\"elementor-tab-content-1642\" class=\"eael-accordion-content clearfix\" data-tab=\"2\" aria-labelledby=\"becas\"><ul><li><span style=\"text-decoration: underline;\"><a href=\"https:\/\/itv.edu.ec\/sitio\/wp-content\/uploads\/2024\/08\/BECADOS-CICLO-2023-2024_compressed.pdf\" target=\"_blank\" rel=\"noopener\">Ver documento de becas<\/a><\/span><\/li><\/ul><\/div>\n                <\/div><div class=\"eael-accordion-list\">\n                <div id=\"plan-estratgico-de-desarrollo-institucional-2026-2030-\" class=\"elementor-tab-title eael-accordion-header\" tabindex=\"0\" data-tab=\"3\" aria-controls=\"elementor-tab-content-1643\"><i aria-hidden=\"true\" class=\"fa-toggle fas fa-angle-right\"><\/i><span class=\"eael-accordion-tab-title\">Plan Estrat\u00e9gico de Desarrollo Institucional 2026 - 2030 <\/span><span class=\"eael-advanced-accordion-icon-closed\"><i aria-hidden=\"true\" class=\"fa-accordion-icon fas fa-plus\"><\/i><\/span><span class=\"eael-advanced-accordion-icon-opened\"><i aria-hidden=\"true\" class=\"fa-accordion-icon fas fa-minus\"><\/i><\/span><\/div><div id=\"elementor-tab-content-1643\" class=\"eael-accordion-content clearfix\" data-tab=\"3\" aria-labelledby=\"plan-estratgico-de-desarrollo-institucional-2026-2030-\"><ul><li><a href=\"https:\/\/itv.edu.ec\/sitio\/wp-content\/uploads\/2026\/04\/PLAN-ESTRATEGICO-DE-DESARROLLO-INSTITUCIONAL-PEDI-2026-2030_compressed.pdf\" target=\"_blank\" rel=\"noopener\"><span style=\"text-decoration: underline;\">Ver documento<\/span><\/a><\/li><\/ul><\/div>\n                <\/div><div class=\"eael-accordion-list\">\n                <div id=\"plan-de-aprendizaje-prctico\" class=\"elementor-tab-title eael-accordion-header\" tabindex=\"0\" data-tab=\"4\" aria-controls=\"elementor-tab-content-1644\"><i aria-hidden=\"true\" class=\"fa-toggle fas fa-angle-right\"><\/i><span class=\"eael-accordion-tab-title\">Plan de Aprendizaje Pr\u00e1ctico\u00a0<\/span><span class=\"eael-advanced-accordion-icon-closed\"><i aria-hidden=\"true\" class=\"fa-accordion-icon fas fa-plus\"><\/i><\/span><span class=\"eael-advanced-accordion-icon-opened\"><i aria-hidden=\"true\" class=\"fa-accordion-icon fas fa-minus\"><\/i><\/span><\/div><div id=\"elementor-tab-content-1644\" class=\"eael-accordion-content clearfix\" data-tab=\"4\" aria-labelledby=\"plan-de-aprendizaje-prctico\"><ul><li><a href=\"https:\/\/itv.edu.ec\/documentos\/PLAN%20DE%20APRENDIZAJE%20PR%C3%81CTICO%20DE%20LOS%20ESTUDIANTES%20DEL%20ITV.pdf\" target=\"_blank\" rel=\"noopener\"><span style=\"text-decoration: underline;\">Ver documento<\/span><\/a><\/li><\/ul><\/div>\n                <\/div><div class=\"eael-accordion-list\">\n                <div id=\"protocolo-de-bioseguridad\" class=\"elementor-tab-title eael-accordion-header\" tabindex=\"0\" data-tab=\"5\" aria-controls=\"elementor-tab-content-1645\"><i aria-hidden=\"true\" class=\"fa-toggle fas fa-angle-right\"><\/i><span class=\"eael-accordion-tab-title\">Protocolo de Bioseguridad<\/span><span class=\"eael-advanced-accordion-icon-closed\"><i aria-hidden=\"true\" class=\"fa-accordion-icon fas fa-plus\"><\/i><\/span><span class=\"eael-advanced-accordion-icon-opened\"><i aria-hidden=\"true\" class=\"fa-accordion-icon fas fa-minus\"><\/i><\/span><\/div><div id=\"elementor-tab-content-1645\" class=\"eael-accordion-content clearfix\" data-tab=\"5\" aria-labelledby=\"protocolo-de-bioseguridad\"><ul><li><a href=\"https:\/\/itv.edu.ec\/documentos\/PROTOCOLO%20BIO-SEGURIDAD%20ITV%202020.pdf\" target=\"_blank\" rel=\"noopener\"><span style=\"text-decoration: underline;\">Ver documento<\/span><\/a><\/li><\/ul><\/div>\n                <\/div><div class=\"eael-accordion-list\">\n                <div id=\"normativa-general-de-homologacin\" class=\"elementor-tab-title eael-accordion-header\" tabindex=\"0\" data-tab=\"6\" aria-controls=\"elementor-tab-content-1646\"><i aria-hidden=\"true\" class=\"fa-toggle fas fa-angle-right\"><\/i><span class=\"eael-accordion-tab-title\">Normativa General De Homologaci\u00f3n<\/span><span class=\"eael-advanced-accordion-icon-closed\"><i aria-hidden=\"true\" class=\"fa-accordion-icon fas fa-plus\"><\/i><\/span><span class=\"eael-advanced-accordion-icon-opened\"><i aria-hidden=\"true\" class=\"fa-accordion-icon fas fa-minus\"><\/i><\/span><\/div><div id=\"elementor-tab-content-1646\" class=\"eael-accordion-content clearfix\" data-tab=\"6\" aria-labelledby=\"normativa-general-de-homologacin\"><p><span style=\"text-decoration: underline;\"><a href=\"https:\/\/itv.edu.ec\/documentos\/normativa\/normativa-de-homologaci\u00f3n-itv.pdf\" target=\"_blank\" rel=\"noopener\">Ver documento<\/a><\/span><\/p><\/div>\n                <\/div><div class=\"eael-accordion-list\">\n                <div id=\"plan-de-igualdad-2022-2025\" class=\"elementor-tab-title eael-accordion-header\" tabindex=\"0\" data-tab=\"7\" aria-controls=\"elementor-tab-content-1647\"><i aria-hidden=\"true\" class=\"fa-toggle fas fa-angle-right\"><\/i><span class=\"eael-accordion-tab-title\">Plan de igualdad 2022 - 2025<\/span><span class=\"eael-advanced-accordion-icon-closed\"><i aria-hidden=\"true\" class=\"fa-accordion-icon fas fa-plus\"><\/i><\/span><span class=\"eael-advanced-accordion-icon-opened\"><i aria-hidden=\"true\" class=\"fa-accordion-icon fas fa-minus\"><\/i><\/span><\/div><div id=\"elementor-tab-content-1647\" class=\"eael-accordion-content clearfix\" data-tab=\"7\" aria-labelledby=\"plan-de-igualdad-2022-2025\"><p><a href=\"https:\/\/www.itv.edu.ec\/instituto\/academico\/biblioteca\/Plan\/Plan%20de%20Igualdad%202022-2025.pdf\" target=\"_blank\" rel=\"noopener\">Ver documento<\/a><\/p><\/div>\n                <\/div><div class=\"eael-accordion-list\">\n                <div id=\"rendicicin-de-cuentas\" class=\"elementor-tab-title eael-accordion-header\" tabindex=\"0\" data-tab=\"8\" aria-controls=\"elementor-tab-content-1648\"><i aria-hidden=\"true\" class=\"fa-toggle fas fa-angle-right\"><\/i><span class=\"eael-accordion-tab-title\">Rendicici\u00f3n de cuentas<\/span><span class=\"eael-advanced-accordion-icon-closed\"><i aria-hidden=\"true\" class=\"fa-accordion-icon fas fa-plus\"><\/i><\/span><span class=\"eael-advanced-accordion-icon-opened\"><i aria-hidden=\"true\" class=\"fa-accordion-icon fas fa-minus\"><\/i><\/span><\/div><div id=\"elementor-tab-content-1648\" class=\"eael-accordion-content clearfix\" data-tab=\"8\" aria-labelledby=\"rendicicin-de-cuentas\"><p><a href=\"https:\/\/itv.edu.ec\/sitio\/wp-content\/uploads\/2024\/09\/RENDICION-DE-CUENTAS-ITV-2023-Pagina-Web_compressed.pdf\" target=\"_blank\" rel=\"noopener\">Ver documento<\/a><\/p><\/div>\n                <\/div><div class=\"eael-accordion-list\">\n                <div id=\"protocolo-institucional-de-prevencin-y-accin-en-casos-de-violencia-acoso-y-discriminacin\" class=\"elementor-tab-title eael-accordion-header\" tabindex=\"0\" data-tab=\"9\" aria-controls=\"elementor-tab-content-1649\"><i aria-hidden=\"true\" class=\"fa-toggle fas fa-angle-right\"><\/i><span class=\"eael-accordion-tab-title\">PROTOCOLO INSTITUCIONAL DE PREVENCI\u00d3N Y ACCI\u00d3N EN CASOS DE VIOLENCIA, ACOSO Y DISCRIMINACI\u00d3N<\/span><span class=\"eael-advanced-accordion-icon-closed\"><i aria-hidden=\"true\" class=\"fa-accordion-icon fas fa-plus\"><\/i><\/span><span class=\"eael-advanced-accordion-icon-opened\"><i aria-hidden=\"true\" class=\"fa-accordion-icon fas fa-minus\"><\/i><\/span><\/div><div id=\"elementor-tab-content-1649\" class=\"eael-accordion-content clearfix\" data-tab=\"9\" aria-labelledby=\"protocolo-institucional-de-prevencin-y-accin-en-casos-de-violencia-acoso-y-discriminacin\"><p><a href=\"https:\/\/itv.edu.ec\/instituto\/academico\/biblioteca\/PROTOCOLO%20INSTITUCIONAL%20DE%20PREVENCION%20Y%20ACCION%20EN%20CASOS%20DE%20VIOLENCIA%20ACOSO%20Y%20DISCRIMINACION%20EN%20EL%20ITV.pdf\" target=\"_blank\" rel=\"noopener\">Ver documento<\/a><\/p><\/div>\n                <\/div><div class=\"eael-accordion-list\">\n                <div id=\"trabajos-de-titulacin\" class=\"elementor-tab-title eael-accordion-header\" tabindex=\"0\" data-tab=\"10\" aria-controls=\"elementor-tab-content-16410\"><i aria-hidden=\"true\" class=\"fa-toggle fas fa-angle-right\"><\/i><span class=\"eael-accordion-tab-title\">TRABAJOS DE TITULACI\u00d3N<\/span><span class=\"eael-advanced-accordion-icon-closed\"><i aria-hidden=\"true\" class=\"fa-accordion-icon fas fa-plus\"><\/i><\/span><span class=\"eael-advanced-accordion-icon-opened\"><i aria-hidden=\"true\" class=\"fa-accordion-icon fas fa-minus\"><\/i><\/span><\/div><div id=\"elementor-tab-content-16410\" class=\"eael-accordion-content clearfix\" data-tab=\"10\" aria-labelledby=\"trabajos-de-titulacin\"><ul><li><a href=\"https:\/\/www.itv.edu.ec\/instituto\/academico\/biblioteca\/Aplicaci%C3%B3n%20de%20un%20plan%20comunicacional%20con%20enfoque%20publicitario%20para%20la%20empresa%20TAJMAHAL%20S.A.-Sophia%20Intriago.pdf\" target=\"_blank\" rel=\"noopener\">Aplicaci\u00f3n de un plan comunicacional, con enfoque publicitario para la empresa TAJMAHAL S.A.<\/a><\/li><li><a href=\"https:\/\/www.itv.edu.ec\/instituto\/academico\/biblioteca\/An%C3%A1lisis%20de%20la%20Red%20Social%20Instagram%20como%20una%20herramienta%20de%20publicidad%20y%20comunicaci%C3%B3n%20digital%20en%20cuatro%20emprendimientos%20del%20cant%C3%B3n%20Jama-%20Francheska%20Intriago.pdf\" target=\"_blank\" rel=\"noopener\">An\u00e1lisis de la red social instagram como\u00a0una herramienrta de publicidad y comunicaci\u00f3n digital en cuatro emprendimiento del cant\u00f3n Jama<\/a><\/li><li><a href=\"https:\/\/www.itv.edu.ec\/instituto\/academico\/biblioteca\/Potenciar%20los%20diferentes%20espacios%20art%C3%ADsticos%20a%20trav%C3%A9s%20del%20espacio%20cultural%20Efecto%20Banana%20mediante%20el%20uso%20de%20la%20t%C3%A9cnica%20del%20Performance%20-%20Miguel%20Avil%C3%A9s.pdf\" target=\"_blank\" rel=\"noopener\">Potenciar los diferentes espacios art\u00edsticos a trav\u00e9s del espacio cultural Efecto Banana mediante el uso de la t\u00e9cnica del Performance<\/a><\/li><\/ul><\/div>\n                <\/div><div class=\"eael-accordion-list\">\n                <div id=\"plan-de-bienestar-institucional\" class=\"elementor-tab-title eael-accordion-header\" tabindex=\"0\" data-tab=\"11\" aria-controls=\"elementor-tab-content-16411\"><i aria-hidden=\"true\" class=\"fa-toggle fas fa-angle-right\"><\/i><span class=\"eael-accordion-tab-title\">PLAN DE BIENESTAR INSTITUCIONAL<\/span><span class=\"eael-advanced-accordion-icon-closed\"><i aria-hidden=\"true\" class=\"fa-accordion-icon fas fa-plus\"><\/i><\/span><span class=\"eael-advanced-accordion-icon-opened\"><i aria-hidden=\"true\" class=\"fa-accordion-icon fas fa-minus\"><\/i><\/span><\/div><div id=\"elementor-tab-content-16411\" class=\"eael-accordion-content clearfix\" data-tab=\"11\" aria-labelledby=\"plan-de-bienestar-institucional\"><p><a href=\"https:\/\/itv.edu.ec\/sitio\/wp-content\/uploads\/2024\/08\/PLAN-DE-BIENESTAR-INSTITUCIONAL-2023-1-11-23_compressed-1.pdf\" target=\"_blank\" rel=\"noopener\">VER PLAN DE BIENESTAR INSTITUCIONAL\u00a0<\/a><\/p><\/div>\n                <\/div><div class=\"eael-accordion-list\">\n                <div id=\"socializacin-del-pedi-2026-2030\" class=\"elementor-tab-title eael-accordion-header\" tabindex=\"0\" data-tab=\"12\" aria-controls=\"elementor-tab-content-16412\"><i aria-hidden=\"true\" class=\"fa-toggle fas fa-angle-right\"><\/i><span class=\"eael-accordion-tab-title\">SOCIALIZACI\u00d3N DEL PEDI 2026 - 2030<\/span><span class=\"eael-advanced-accordion-icon-closed\"><i aria-hidden=\"true\" class=\"fa-accordion-icon fas fa-plus\"><\/i><\/span><span class=\"eael-advanced-accordion-icon-opened\"><i aria-hidden=\"true\" class=\"fa-accordion-icon fas fa-minus\"><\/i><\/span><\/div><div id=\"elementor-tab-content-16412\" class=\"eael-accordion-content clearfix\" data-tab=\"12\" aria-labelledby=\"socializacin-del-pedi-2026-2030\"><p><a href=\"https:\/\/itv.edu.ec\/sitio\/wp-content\/uploads\/2026\/02\/Mesa-de-trabajo-7-1-scaled.jpg\"><img fetchpriority=\"high\" decoding=\"async\" class=\"aligncenter wp-image-21598 size-large\" src=\"https:\/\/itv.edu.ec\/sitio\/wp-content\/uploads\/2026\/02\/Mesa-de-trabajo-7-1-724x1024.jpg\" alt=\"\" width=\"724\" height=\"1024\" srcset=\"https:\/\/itv.edu.ec\/sitio\/wp-content\/uploads\/2026\/02\/Mesa-de-trabajo-7-1-724x1024.jpg 724w, https:\/\/itv.edu.ec\/sitio\/wp-content\/uploads\/2026\/02\/Mesa-de-trabajo-7-1-212x300.jpg 212w, https:\/\/itv.edu.ec\/sitio\/wp-content\/uploads\/2026\/02\/Mesa-de-trabajo-7-1-768x1086.jpg 768w, https:\/\/itv.edu.ec\/sitio\/wp-content\/uploads\/2026\/02\/Mesa-de-trabajo-7-1-1086x1536.jpg 1086w, https:\/\/itv.edu.ec\/sitio\/wp-content\/uploads\/2026\/02\/Mesa-de-trabajo-7-1-1448x2048.jpg 1448w, https:\/\/itv.edu.ec\/sitio\/wp-content\/uploads\/2026\/02\/Mesa-de-trabajo-7-1-scaled.jpg 1810w\" sizes=\"(max-width: 724px) 100vw, 724px\" \/><\/a><\/p><\/div>\n                <\/div><\/div>\t\t\t\t<\/div>\n\t\t\t\t<\/div>\n\t\t\t\t\t<\/div>\n\t\t<\/div>\n\t\t\t\t\t<\/div>\n\t\t<\/section>\n\t\t\t\t<\/div>\n\t\t","protected":false},"excerpt":{"rendered":"<p>DOCUMENTOS Convocatoria Docentes Nuevos Se convoca al concurso p\u00fablico de merecimiento y oposici\u00f3n para formar parte de la planta docente del instituto superior de estudios de television ITV. Interesados enviar curriculum a: concursodemerecimiento@itv.edu.ecrectorado@itv.edu.ecdirgeneral@itv.edu.ecdiracademica@itv.edu.ec Becas Ver documento de becas Plan Estrat\u00e9gico de Desarrollo Institucional 2026 &#8211; 2030 Ver documento Plan de Aprendizaje Pr\u00e1ctico\u00a0 Ver documento Protocolo &hellip;<\/p>\n<p class=\"read-more\"> <a class=\"\" href=\"https:\/\/itv.edu.ec\/sitio\/documentos\"> <span class=\"screen-reader-text\">Documentos<\/span> Leer m\u00e1s &raquo;<\/a><\/p>\n","protected":false},"author":3,"featured_media":0,"parent":0,"menu_order":203,"comment_status":"closed","ping_status":"closed","template":"","meta":{"site-sidebar-layout":"no-sidebar","site-content-layout":"page-builder","ast-main-header-display":"","ast-hfb-above-header-display":"","ast-hfb-below-header-display":"","ast-hfb-mobile-header-display":"","site-post-title":"disabled","ast-breadcrumbs-content":"","ast-featured-img":"disabled","footer-sml-layout":"","theme-transparent-header-meta":"enabled","adv-header-id-meta":"","stick-header-meta":"","header-above-stick-meta":"","header-main-stick-meta":"","header-below-stick-meta":"","footnotes":""},"class_list":["post-1613","page","type-page","status-publish","hentry"],"yoast_head":"<!-- This site is optimized with the Yoast SEO plugin v27.2 - https:\/\/yoast.com\/product\/yoast-seo-wordpress\/ -->\n<title>Documentos -<\/title>\n<meta name=\"robots\" content=\"noindex, follow\" \/>\n<meta property=\"og:locale\" content=\"es_ES\" \/>\n<meta property=\"og:type\" content=\"article\" \/>\n<meta property=\"og:title\" content=\"Documentos -\" \/>\n<meta property=\"og:description\" content=\"DOCUMENTOS Convocatoria Docentes Nuevos Se convoca al concurso p\u00fablico de merecimiento y oposici\u00f3n para formar parte de la planta docente del instituto superior de estudios de television ITV. Interesados enviar curriculum a: concursodemerecimiento@itv.edu.ecrectorado@itv.edu.ecdirgeneral@itv.edu.ecdiracademica@itv.edu.ec Becas Ver documento de becas Plan Estrat\u00e9gico de Desarrollo Institucional 2026 &#8211; 2030 Ver documento Plan de Aprendizaje Pr\u00e1ctico\u00a0 Ver documento Protocolo &hellip; Documentos Leer m\u00e1s &raquo;\" \/>\n<meta property=\"og:url\" content=\"https:\/\/itv.edu.ec\/sitio\/documentos\" \/>\n<meta property=\"article:modified_time\" content=\"2026-04-14T14:52:23+00:00\" \/>\n<meta property=\"og:image\" content=\"https:\/\/itv.edu.ec\/sitio\/wp-content\/uploads\/2026\/02\/Mesa-de-trabajo-7-1-scaled.jpg\" \/>\n\t<meta property=\"og:image:width\" content=\"1810\" \/>\n\t<meta property=\"og:image:height\" content=\"2560\" \/>\n\t<meta property=\"og:image:type\" content=\"image\/jpeg\" \/>\n<meta name=\"twitter:card\" content=\"summary_large_image\" \/>\n<meta name=\"twitter:label1\" content=\"Tiempo de lectura\" \/>\n\t<meta name=\"twitter:data1\" content=\"1 minuto\" \/>\n<script type=\"application\/ld+json\" class=\"yoast-schema-graph\">{\"@context\":\"https:\/\/schema.org\",\"@graph\":[{\"@type\":\"WebPage\",\"@id\":\"https:\/\/itv.edu.ec\/sitio\/documentos\",\"url\":\"https:\/\/itv.edu.ec\/sitio\/documentos\",\"name\":\"Documentos -\",\"isPartOf\":{\"@id\":\"https:\/\/itv.edu.ec\/sitio\/#website\"},\"primaryImageOfPage\":{\"@id\":\"https:\/\/itv.edu.ec\/sitio\/documentos#primaryimage\"},\"image\":{\"@id\":\"https:\/\/itv.edu.ec\/sitio\/documentos#primaryimage\"},\"thumbnailUrl\":\"https:\/\/itv.edu.ec\/sitio\/wp-content\/uploads\/2026\/02\/Mesa-de-trabajo-7-1-724x1024.jpg\",\"datePublished\":\"2021-05-13T00:05:43+00:00\",\"dateModified\":\"2026-04-14T14:52:23+00:00\",\"breadcrumb\":{\"@id\":\"https:\/\/itv.edu.ec\/sitio\/documentos#breadcrumb\"},\"inLanguage\":\"es\",\"potentialAction\":[{\"@type\":\"ReadAction\",\"target\":[\"https:\/\/itv.edu.ec\/sitio\/documentos\"]}]},{\"@type\":\"ImageObject\",\"inLanguage\":\"es\",\"@id\":\"https:\/\/itv.edu.ec\/sitio\/documentos#primaryimage\",\"url\":\"https:\/\/itv.edu.ec\/sitio\/wp-content\/uploads\/2026\/02\/Mesa-de-trabajo-7-1-scaled.jpg\",\"contentUrl\":\"https:\/\/itv.edu.ec\/sitio\/wp-content\/uploads\/2026\/02\/Mesa-de-trabajo-7-1-scaled.jpg\",\"width\":1810,\"height\":2560},{\"@type\":\"BreadcrumbList\",\"@id\":\"https:\/\/itv.edu.ec\/sitio\/documentos#breadcrumb\",\"itemListElement\":[{\"@type\":\"ListItem\",\"position\":1,\"name\":\"Portada\",\"item\":\"https:\/\/itv.edu.ec\/sitio\/\"},{\"@type\":\"ListItem\",\"position\":2,\"name\":\"Documentos\"}]},{\"@type\":\"WebSite\",\"@id\":\"https:\/\/itv.edu.ec\/sitio\/#website\",\"url\":\"https:\/\/itv.edu.ec\/sitio\/\",\"name\":\"\",\"description\":\"La puerta de entrada a la TV\",\"potentialAction\":[{\"@type\":\"SearchAction\",\"target\":{\"@type\":\"EntryPoint\",\"urlTemplate\":\"https:\/\/itv.edu.ec\/sitio\/?s={search_term_string}\"},\"query-input\":{\"@type\":\"PropertyValueSpecification\",\"valueRequired\":true,\"valueName\":\"search_term_string\"}}],\"inLanguage\":\"es\"}]}<\/script>\n<!-- \/ Yoast SEO plugin. -->","yoast_head_json":{"title":"Documentos -","robots":{"index":"noindex","follow":"follow"},"og_locale":"es_ES","og_type":"article","og_title":"Documentos -","og_description":"DOCUMENTOS Convocatoria Docentes Nuevos Se convoca al concurso p\u00fablico de merecimiento y oposici\u00f3n para formar parte de la planta docente del instituto superior de estudios de television ITV. Interesados enviar curriculum a: concursodemerecimiento@itv.edu.ecrectorado@itv.edu.ecdirgeneral@itv.edu.ecdiracademica@itv.edu.ec Becas Ver documento de becas Plan Estrat\u00e9gico de Desarrollo Institucional 2026 &#8211; 2030 Ver documento Plan de Aprendizaje Pr\u00e1ctico\u00a0 Ver documento Protocolo &hellip; Documentos Leer m\u00e1s &raquo;","og_url":"https:\/\/itv.edu.ec\/sitio\/documentos","article_modified_time":"2026-04-14T14:52:23+00:00","og_image":[{"width":1810,"height":2560,"url":"https:\/\/itv.edu.ec\/sitio\/wp-content\/uploads\/2026\/02\/Mesa-de-trabajo-7-1-scaled.jpg","type":"image\/jpeg"}],"twitter_card":"summary_large_image","twitter_misc":{"Tiempo de lectura":"1 minuto"},"schema":{"@context":"https:\/\/schema.org","@graph":[{"@type":"WebPage","@id":"https:\/\/itv.edu.ec\/sitio\/documentos","url":"https:\/\/itv.edu.ec\/sitio\/documentos","name":"Documentos -","isPartOf":{"@id":"https:\/\/itv.edu.ec\/sitio\/#website"},"primaryImageOfPage":{"@id":"https:\/\/itv.edu.ec\/sitio\/documentos#primaryimage"},"image":{"@id":"https:\/\/itv.edu.ec\/sitio\/documentos#primaryimage"},"thumbnailUrl":"https:\/\/itv.edu.ec\/sitio\/wp-content\/uploads\/2026\/02\/Mesa-de-trabajo-7-1-724x1024.jpg","datePublished":"2021-05-13T00:05:43+00:00","dateModified":"2026-04-14T14:52:23+00:00","breadcrumb":{"@id":"https:\/\/itv.edu.ec\/sitio\/documentos#breadcrumb"},"inLanguage":"es","potentialAction":[{"@type":"ReadAction","target":["https:\/\/itv.edu.ec\/sitio\/documentos"]}]},{"@type":"ImageObject","inLanguage":"es","@id":"https:\/\/itv.edu.ec\/sitio\/documentos#primaryimage","url":"https:\/\/itv.edu.ec\/sitio\/wp-content\/uploads\/2026\/02\/Mesa-de-trabajo-7-1-scaled.jpg","contentUrl":"https:\/\/itv.edu.ec\/sitio\/wp-content\/uploads\/2026\/02\/Mesa-de-trabajo-7-1-scaled.jpg","width":1810,"height":2560},{"@type":"BreadcrumbList","@id":"https:\/\/itv.edu.ec\/sitio\/documentos#breadcrumb","itemListElement":[{"@type":"ListItem","position":1,"name":"Portada","item":"https:\/\/itv.edu.ec\/sitio\/"},{"@type":"ListItem","position":2,"name":"Documentos"}]},{"@type":"WebSite","@id":"https:\/\/itv.edu.ec\/sitio\/#website","url":"https:\/\/itv.edu.ec\/sitio\/","name":"","description":"La puerta de entrada a la TV","potentialAction":[{"@type":"SearchAction","target":{"@type":"EntryPoint","urlTemplate":"https:\/\/itv.edu.ec\/sitio\/?s={search_term_string}"},"query-input":{"@type":"PropertyValueSpecification","valueRequired":true,"valueName":"search_term_string"}}],"inLanguage":"es"}]}},"_links":{"self":[{"href":"https:\/\/itv.edu.ec\/sitio\/wp-json\/wp\/v2\/pages\/1613","targetHints":{"allow":["GET"]}}],"collection":[{"href":"https:\/\/itv.edu.ec\/sitio\/wp-json\/wp\/v2\/pages"}],"about":[{"href":"https:\/\/itv.edu.ec\/sitio\/wp-json\/wp\/v2\/types\/page"}],"author":[{"embeddable":true,"href":"https:\/\/itv.edu.ec\/sitio\/wp-json\/wp\/v2\/users\/3"}],"replies":[{"embeddable":true,"href":"https:\/\/itv.edu.ec\/sitio\/wp-json\/wp\/v2\/comments?post=1613"}],"version-history":[{"count":167,"href":"https:\/\/itv.edu.ec\/sitio\/wp-json\/wp\/v2\/pages\/1613\/revisions"}],"predecessor-version":[{"id":21725,"href":"https:\/\/itv.edu.ec\/sitio\/wp-json\/wp\/v2\/pages\/1613\/revisions\/21725"}],"wp:attachment":[{"href":"https:\/\/itv.edu.ec\/sitio\/wp-json\/wp\/v2\/media?parent=1613"}],"curies":[{"name":"wp","href":"https:\/\/api.w.org\/{rel}","templated":true}]}}